{"id":211999,"date":"2014-03-10T15:41:29","date_gmt":"2014-03-10T15:41:29","guid":{"rendered":"http:\/\/new.clearsystems.co.uk\/?page_id=211999"},"modified":"2023-12-07T16:59:06","modified_gmt":"2023-12-07T16:59:06","slug":"about-us","status":"publish","type":"page","link":"https:\/\/pick-ware.co.uk\/fr\/","title":{"rendered":"\u00c0 Propos De Nous"},"content":{"rendered":"<p><strong>Clear Systems Ltd est la fermeture en raison de la retraite et cesser son activit\u00e9 le 31 octobre 2019 \u2013 plus d'informations <a href=\"https:\/\/clearsystems.co.uk\/closing-down\/\">ici<\/a>.<\/strong><\/p>\n<p>Nous avons \u00e0 <a title=\"Syst\u00e8mes clairs: les Personnes et les Donn\u00e9es au Travail\" href=\"http:\/\/clearsystems.co.uk\">Clear Systems<\/a> recommander post-relationnelles et multi-valeur des bases de donn\u00e9es bas\u00e9es sur la tr\u00e8s efficace de s\u00e9lection de mod\u00e8le. Il y a un certain nombre de mises en \u0153uvre, y compris Universe (notre option pr\u00e9f\u00e9r\u00e9e) ainsi que UniData, jBase, RealityX, D3, Open QM et MVBase. Ces produits sont utilis\u00e9s dans une large gamme d'applications pour l'environnement des affaires.<\/p>\n<p>Apportant de s\u00e9lection \u00e0 l&#039;\u00e8re moderne, il y a <a title=\"Le Cloud Computing pour Choisissez\/Multi-Valeur\" href=\"https:\/\/www.mypickcloud.com\/\" target=\"_blank\" rel=\"noopener noreferrer\">Pick Cloud<\/a> \u2013 Le Cloud Computing pour Choisissez\/Multi-Valeur.<\/p>\n<p>Pour plus d&#039;informations, il suffit d&#039;aller \u00e0 notre page sur <a title=\"Pick\" href=\"http:\/\/pick-ware.co.uk\/fr\/solutions\/\">Pick<\/a>.<\/p>\n<p>Clear Systems de d\u00e9veloppement et de soutien des syst\u00e8mes bas\u00e9s sur le Pick mod\u00e8le depuis 1984 et sont bien connus depuis l'avant dans l'application de Pick le mod\u00e8le de pratique des affaires besoins. Pick est maintenant connu sous de nombreux noms, dans plusieurs \u201csaveurs\u201d, et, tandis que nous pr\u00e9f\u00e9rons Universe, nous avons l'exp\u00e9rience de la plupart d'entre eux et peuvent vous conseiller sur la meilleure mise en \u0153uvre pour des applications sp\u00e9cifiques.<\/p>\n<p>Nous avons maintenant de se sp\u00e9cialiser dans <a title=\"Syst\u00e8mes clairs: Temps et des Pr\u00e9sences\" href=\"http:\/\/clear-time.co.uk\">Temps et des Pr\u00e9sences<\/a> les syst\u00e8mes et les <a title=\"Syst\u00e8mes Clairs: La Collecte Des Donn\u00e9es\" href=\"http:\/\/data-ware.co.uk\">La Collecte De Donn\u00e9es<\/a> l&#039;\u00e9quipement, d&#039;o\u00f9 notre devise \u201c<strong><i>Les personnes et les Donn\u00e9es au Travail\u201d.<\/i><\/strong><\/p>","protected":false},"excerpt":{"rendered":"<p>Clear Systems Ltd is closing down due to retirement and will cease trading on 31st October 2019 \u2013 more information here. We at Clear Systems recommend post-relational and multi-value databases based on the highly&#46;&#46;&#46;<\/p>","protected":false},"author":6,"featured_media":0,"parent":0,"menu_order":0,"comment_status":"closed","ping_status":"closed","template":"","meta":{"_exactmetrics_skip_tracking":false,"_exactmetrics_sitenote_active":false,"_exactmetrics_sitenote_note":"","_exactmetrics_sitenote_category":0,"footnotes":""},"class_list":["post-211999","page","type-page","status-publish","hentry"],"_links":{"self":[{"href":"https:\/\/pick-ware.co.uk\/fr\/wp-json\/wp\/v2\/pages\/211999","targetHints":{"allow":["GET"]}}],"collection":[{"href":"https:\/\/pick-ware.co.uk\/fr\/wp-json\/wp\/v2\/pages"}],"about":[{"href":"https:\/\/pick-ware.co.uk\/fr\/wp-json\/wp\/v2\/types\/page"}],"author":[{"embeddable":true,"href":"https:\/\/pick-ware.co.uk\/fr\/wp-json\/wp\/v2\/users\/6"}],"replies":[{"embeddable":true,"href":"https:\/\/pick-ware.co.uk\/fr\/wp-json\/wp\/v2\/comments?post=211999"}],"version-history":[{"count":7,"href":"https:\/\/pick-ware.co.uk\/fr\/wp-json\/wp\/v2\/pages\/211999\/revisions"}],"predecessor-version":[{"id":212429,"href":"https:\/\/pick-ware.co.uk\/fr\/wp-json\/wp\/v2\/pages\/211999\/revisions\/212429"}],"wp:attachment":[{"href":"https:\/\/pick-ware.co.uk\/fr\/wp-json\/wp\/v2\/media?parent=211999"}],"curies":[{"name":"wp","href":"https:\/\/api.w.org\/{rel}","templated":true}]}}