{"id":212024,"date":"2014-03-10T18:22:59","date_gmt":"2014-03-10T18:22:59","guid":{"rendered":"http:\/\/new.clearsystems.co.uk\/?page_id=212024"},"modified":"2020-06-26T18:12:58","modified_gmt":"2020-06-26T17:12:58","slug":"solutions","status":"publish","type":"page","link":"https:\/\/pick-ware.co.uk\/fr\/solutions\/","title":{"rendered":"Pick"},"content":{"rendered":"<p align=\"LEFT\">Le pic de base de donn\u00e9es relationnelle mod\u00e8le a \u00e9t\u00e9 con\u00e7u par le l\u00e9gendaire <a title=\"Dick Chercher dans son anti-gravit\u00e9 bottes!!!\" href=\"http:\/\/jes.com\/gfx\/people\/csn_1983_11_28_antigrav_dick_001.jpg\" target=\"_blank\" rel=\"noopener noreferrer\">Dick Choisir<\/a> pendant la guerre du Vietnam comme un moyen d&#039;am\u00e9liorer le suivi de pi\u00e8ces d&#039;h\u00e9licopt\u00e8res et n&#039;a encore jamais \u00e9t\u00e9 \u00e9gal\u00e9es en tant que mod\u00e8le de base de donn\u00e9es qui combine la facilit\u00e9 d&#039;utilisation et efficacit\u00e9. Bien que n&#039;ayant jamais aussi bien connu comme il m\u00e9ritait de l&#039;\u00eatre a \u00e9t\u00e9 adopt\u00e9 par la plupart des grands joueurs dans les syst\u00e8mes d&#039;affaires de l&#039;ar\u00e8ne pendant les ann\u00e9es 80 et 90 et qui est encore largement adopt\u00e9e aujourd&#039;hui. Il a souffert de l&#039;absence d&#039;une identit\u00e9 unique, diff\u00e9rentes sources ont appel\u00e9 des noms diff\u00e9rents dans une tentative pour prot\u00e9ger leur coin du march\u00e9. Univers, UniData, jBase, RealityX, D3 et MV-la Base de toutes les variantes de la collecte de base de donn\u00e9es relationnelle et beaucoup pensent que tous les joueurs ont b\u00e9n\u00e9fici\u00e9 d&#039;une approche consolid\u00e9e sur le march\u00e9 plut\u00f4t que de la fragmentation, qui a toujours limit\u00e9 Choisir son succ\u00e8s commercial.<\/p>\n<p align=\"LEFT\">Cependant, la plupart de ces variantes ont vu des changements de propri\u00e9t\u00e9 et profitent de l&#039;am\u00e9lioration de la commercialisation, le d\u00e9veloppement continu et la r\u00e9surgence de la popularit\u00e9 de \u201c<a title=\"NoSQL\" href=\"http:\/\/en.wikipedia.org\/wiki\/NoSQL\" target=\"_blank\" rel=\"noopener noreferrer\">NoSQL<\/a>&#8221; <a title=\"wiki Multi-Valeur de Bases de donn\u00e9es\" href=\"http:\/\/en.wikipedia.org\/wiki\/MultiValue\" target=\"_blank\" rel=\"noopener noreferrer\">Multi-Valeur de bases de donn\u00e9es<\/a> qui sont \u00e9volutives de la petite entreprise jusqu&#039;\u00e0 \u201c<a title=\"wiki Big Data\" href=\"http:\/\/en.wikipedia.org\/wiki\/Big_data\" target=\"_blank\" rel=\"noopener noreferrer\">big data<\/a>\u201d des solutions.<\/p>\n<p align=\"LEFT\"><a title=\"Fus\u00e9e Univers\" href=\"http:\/\/www.rocketsoftware.com\/products\/rocket-universe\" target=\"_blank\" rel=\"noopener noreferrer\">Univers <\/a>et <a title=\"Fus\u00e9e UniData\" href=\"http:\/\/www.rocketsoftware.com\/products\/rocket-unidata\" target=\"_blank\" rel=\"noopener noreferrer\">UniData <\/a>(connus collectivement comme U2) ont \u00e9t\u00e9, par la propri\u00e9t\u00e9 de Informix et IBM, avec l&#039;investissement aussi bien, et sont maintenant d\u00e9tenues par <a title=\"Fus\u00e9e U2\" href=\"http:\/\/www.rocketsoftware.com\/u2\" target=\"_blank\" rel=\"noopener noreferrer\">Rocket Software<\/a>. L&#039;investissement continu garde <a title=\"Fus\u00e9e U2\" href=\"http:\/\/www.rocketsoftware.com\/u2\" target=\"_blank\" rel=\"noopener noreferrer\">U2 <\/a>\u00e0 la fine pointe de la technologie de base de donn\u00e9es et fournit le type d&#039;environnement de d\u00e9veloppement, des outils et de la connectivit\u00e9 attendue par les professionnels.<\/p>\n<p align=\"LEFT\">De m\u00eame <a title=\"Fus\u00e9e-D3\" href=\"http:\/\/www.rocketsoftware.com\/brand\/rocket-d3\" target=\"_blank\" rel=\"noopener noreferrer\">D3 <\/a>(sans doute le descendant direct de la prise de possession du Syst\u00e8me) et <a title=\"Fus\u00e9e MV-Base\" href=\"http:\/\/www.rocketsoftware.com\/products\/rocket-mvbase-dbms\" target=\"_blank\" rel=\"noopener noreferrer\">MV-Base<\/a> (de Ajoute\/EDP racines) sont d\u00e9sormais d\u00e9tenues par<a title=\"Rocket Software\" href=\"http:\/\/www.rocketsoftware.com\" target=\"_blank\" rel=\"noopener noreferrer\"> Rocket Software<\/a>.<\/p>\n<p>L&#039; <a href=\"http:\/\/www.openqm.com\" target=\"_blank\" rel=\"noopener noreferrer\">Ouvrir QM<\/a> produit, qui est similaire \u00e0 la Prime de l&#039;Information, de l&#039;Univers et UniData, est disponible \u00e0 la fois commerciaux et open source (GPL) distributions pour plusieurs plates-formes, y compris Windows, Linux, FreeBSD, Mac OS X, AIX et les Pda.<\/p>\n<p>Apportant de s\u00e9lection \u00e0 l&#039;\u00e8re moderne, il y a <a title=\"Le Cloud Computing pour Choisissez\/Multi-Valeur\" href=\"https:\/\/www.mypickcloud.com\/\" target=\"_blank\" rel=\"noopener noreferrer\">Pick Cloud<\/a> \u2013 Le Cloud Computing pour Choisissez\/Multi-Valeur.<\/p>\n<p align=\"LEFT\">Ne pas oublier <a href=\"http:\/\/www.jbase.com\/\">JBase<\/a> et <a href=\"http:\/\/www.northgate-reality.com\/\">La r\u00e9alit\u00e9<\/a> les deux qui ont activement utilisateur enthousiaste de bases.<\/p>\n<p align=\"CENTER\"><em><strong>Voici une vid\u00e9o promotionnelle de 1990:<\/strong><\/em><\/p>\n<div class=\"video-container\"><iframe loading=\"lazy\" title=\"L&#039;histoire de la drague, le Syst\u00e8me de l&#039;erreur #Valeurmulti\" width=\"500\" height=\"375\" src=\"https:\/\/www.youtube.com\/embed\/6ms0yvJAUAk?feature=oembed&#038;wmode=opaque\" frameborder=\"0\" allow=\"accelerometer; autoplay; clipboard-write; encrypted-media; gyroscope; picture-in-picture; web-share\" referrerpolicy=\"strict-origin-when-cross-origin\" allowfullscreen><\/iframe><\/div>\n<hr \/>\n<p>Cliquez sur <a href=\"http:\/\/www.tincat-group.com\/mv\/MVFamilyTreeColor.pdf\" target=\"_blank\" rel=\"noopener noreferrer\">ici<\/a> pour une information \u201cl&#039;arbre g\u00e9n\u00e9alogique\u201d \u2013 une couleur en PDF \u00e0 partir de l&#039;\u00c9tain Chat, avec plus de rebondissements que l&#039;histoire de <a href=\"http:\/\/www.fairportconvention.com\/history_of_fairport.php\" target=\"_blank\" rel=\"noopener noreferrer\">Fairport<\/a>.<\/p>\n<p>Et ici est une archive des images historiques de <a href=\"https:\/\/pickcloud.tumblr.com\/\" target=\"_blank\" rel=\"noopener noreferrer\">Choisissez Nuage du Blog<\/a>.<\/p>\n<p>Voici une liste non-exhaustive, NOUS centr\u00e9es sur la liste de <a href=\"https:\/\/sites.google.com\/site\/pickuniverse\/companies-that-use-pick\" target=\"_blank\" rel=\"noopener noreferrer\">les entreprises qui utilisent de s\u00e9lection.<\/a><\/p>\n<p>Les articles de wikip\u00e9dia:<\/p>\n<ul>\n<li><a href=\"http:\/\/en.wikipedia.org\/wiki\/Pick_operating_system\" target=\"_blank\" rel=\"noopener noreferrer\">Pick<\/a><\/li>\n<li><a href=\"https:\/\/pickwiki.com\" target=\"_blank\" rel=\"noopener noreferrer\">PickWiki<\/a><\/li>\n<li><a title=\"wiki Fus\u00e9e U2\" href=\"http:\/\/en.wikipedia.org\/wiki\/Rocket_U2\" target=\"_blank\" rel=\"noopener noreferrer\">Fus\u00e9e U2<\/a><\/li>\n<li><a href=\"http:\/\/en.wikipedia.org\/wiki\/OpenQM\" target=\"_blank\" rel=\"noopener noreferrer\">Ouvrir QM<\/a><\/li>\n<li><a href=\"http:\/\/en.wikipedia.org\/wiki\/Northgate_Information_Solutions\" target=\"_blank\" rel=\"noopener noreferrer\">Northgate R\u00e9alit\u00e9<\/a><\/li>\n<li><a href=\"http:\/\/en.wikipedia.org\/wiki\/JBASE\" target=\"_blank\" rel=\"noopener noreferrer\">jBase<\/a><\/li>\n<\/ul>\n<p>L&#039; <a href=\"https:\/\/www.intl-spectrum.com\" target=\"_blank\" rel=\"noopener noreferrer\">International Spectre<\/a> l&#039;organisation fait conna\u00eetre Choisissez le mod\u00e8le des bases de donn\u00e9es et organise une conf\u00e9rence annuelle. Ils publient un <a href=\"https:\/\/www.intl-spectrum.com\/databases\" target=\"_blank\" rel=\"noopener noreferrer\">r\u00e9sum\u00e9 de Choisir le mod\u00e8le de bases de donn\u00e9es<\/a>.<\/p>","protected":false},"excerpt":{"rendered":"<p>The Pick relational database model was devised by the legendary Dick Pick during the Vietnam war as a means of better tracking helicopter parts and has still never been bettered as a database model&#46;&#46;&#46;<\/p>","protected":false},"author":6,"featured_media":0,"parent":0,"menu_order":0,"comment_status":"closed","ping_status":"open","template":"","meta":{"_exactmetrics_skip_tracking":false,"_exactmetrics_sitenote_active":false,"_exactmetrics_sitenote_note":"","_exactmetrics_sitenote_category":0,"footnotes":""},"class_list":["post-212024","page","type-page","status-publish","hentry"],"_links":{"self":[{"href":"https:\/\/pick-ware.co.uk\/fr\/wp-json\/wp\/v2\/pages\/212024","targetHints":{"allow":["GET"]}}],"collection":[{"href":"https:\/\/pick-ware.co.uk\/fr\/wp-json\/wp\/v2\/pages"}],"about":[{"href":"https:\/\/pick-ware.co.uk\/fr\/wp-json\/wp\/v2\/types\/page"}],"author":[{"embeddable":true,"href":"https:\/\/pick-ware.co.uk\/fr\/wp-json\/wp\/v2\/users\/6"}],"replies":[{"embeddable":true,"href":"https:\/\/pick-ware.co.uk\/fr\/wp-json\/wp\/v2\/comments?post=212024"}],"version-history":[{"count":7,"href":"https:\/\/pick-ware.co.uk\/fr\/wp-json\/wp\/v2\/pages\/212024\/revisions"}],"predecessor-version":[{"id":212421,"href":"https:\/\/pick-ware.co.uk\/fr\/wp-json\/wp\/v2\/pages\/212024\/revisions\/212421"}],"wp:attachment":[{"href":"https:\/\/pick-ware.co.uk\/fr\/wp-json\/wp\/v2\/media?parent=212024"}],"curies":[{"name":"wp","href":"https:\/\/api.w.org\/{rel}","templated":true}]}}