{"id":212057,"date":"2014-03-12T12:42:52","date_gmt":"2014-03-12T12:42:52","guid":{"rendered":"http:\/\/new.clearsystems.co.uk\/?page_id=212057"},"modified":"2023-12-07T16:52:25","modified_gmt":"2023-12-07T16:52:25","slug":"terms-of-use","status":"publish","type":"page","link":"https:\/\/pick-ware.co.uk\/fr\/terms-of-use\/","title":{"rendered":"Conditions d&#039;Utilisation"},"content":{"rendered":"<p>Ce site web est d\u00e9tenu et exploit\u00e9 par Claire Systems Limited, qui a cess\u00e9 son activit\u00e9 et a ferm\u00e9, cette information est fournie dans ce contexte historique d&#039;origine avec le temps, les significations et les liens \u00e0 l&#039;\u00e9poque.<br \/>\n(1) Introduction<br \/>\nCes termes et conditions r\u00e9gissent votre utilisation de notre site web; en utilisant notre site, vous acceptez ces termes et conditions dans leur int\u00e9gralit\u00e9. Si vous \u00eates en d\u00e9saccord avec une partie quelconque de ces termes et conditions, n&#039;utilisez pas notre site web.<br \/>\n(2) les droits de propri\u00e9t\u00e9 Intellectuelle<br \/>\nSauf indication contraire, nous ou nos conc\u00e9dants de licence d\u00e9tiennent les droits de propri\u00e9t\u00e9 intellectuelle dans le site web et le mat\u00e9riel sur le site web. Sous r\u00e9serve de la licence ci-dessous, l&#039;ensemble de ces droits de propri\u00e9t\u00e9 intellectuelle sont r\u00e9serv\u00e9s.<br \/>\n(3) la Licence d&#039;utilisation du site web<br \/>\nVous pouvez afficher, t\u00e9l\u00e9charger pour la mise en cache seulement, et \u00e0 imprimer des pages de ce site pour votre usage personnel, sous r\u00e9serve des restrictions ci-dessous. Vous ne devez pas:<br \/>\n(a) publier le contenu de ce site web (y compris la republication sur un autre site web);<br \/>\nb) de vendre, de louer ou de sous-licence du mat\u00e9riel sur le site;<br \/>\n(c) de reproduire, dupliquer, copier ou exploiter le mat\u00e9riel sur notre site web \u00e0 des fins commerciales;<br \/>\n(d) de modifier ou de modifier tout mat\u00e9riel sur le site web; ou<br \/>\n(e) distribuer le contenu de ce site web, sauf pour le contenu sp\u00e9cifiquement et express\u00e9ment mis \u00e0 disposition pour la redistribution. O\u00f9 le contenu est sp\u00e9cifiquement mis \u00e0 disposition pour la redistribution, il ne peut \u00eatre redistribu\u00e9 au sein de votre entreprise.<br \/>\n(4) les Limitations de responsabilit\u00e9<br \/>\nL&#039;information sur ce site est fourni gratuitement, et vous reconnaissez qu&#039;il serait d\u00e9raisonnable de nous tenir responsables \u00e0 l&#039;\u00e9gard de ce site et de l&#039;information sur ce site. Alors que nous nous effor\u00e7ons d&#039;assurer que les informations sur ce site soient correctes, nous ne garantissons pas l&#039;exhaustivit\u00e9 ni l&#039;exactitude, ni ne nous engageons \u00e0 veiller \u00e0 ce que le site reste disponible ou que le mat\u00e9riel sur le site est r\u00e9guli\u00e8rement mis \u00e0 jour. Dans la mesure maximale permise par la loi applicable, nous excluons toutes les repr\u00e9sentations, garanties et conditions (y compris, sans limitation, les conditions pr\u00e9vues par la loi, de qualit\u00e9 satisfaisante, d&#039;ad\u00e9quation \u00e0 l&#039;usage et l&#039;utilisation des soins et une habilet\u00e9 raisonnables). Notre responsabilit\u00e9 est limit\u00e9e et les exclus dans la mesure maximale permise par la loi applicable. Nous ne serons pas responsables pour toute perte directe ou indirecte ou dommages d\u00e9coulant de ces termes et conditions ou en relation avec notre site, d\u00e9coulant d&#039;une responsabilit\u00e9 d\u00e9lictuelle, contractuelle ou autre. Sans limiter la g\u00e9n\u00e9ralit\u00e9 de l&#039;exclusion qui pr\u00e9c\u00e8de, nous ne serons pas responsables pour toute perte de profits, de contrats, d&#039;affaires, de client\u00e8le, de donn\u00e9es, de revenus, de recettes ou d&#039;\u00e9conomies anticip\u00e9es d\u00e9coulant des termes et conditions ou en relation avec notre site, qu&#039;ils soient directs ou indirects, d\u00e9coulant d&#039;une responsabilit\u00e9 d\u00e9lictuelle, contractuelle ou autre. Toutefois, rien dans ces termes et conditions n&#039;exclut ou ne limite notre responsabilit\u00e9 en cas de fraude, de d\u00e9c\u00e8s ou de blessures caus\u00e9s par notre n\u00e9gligence, ou de toute autre responsabilit\u00e9 ne pouvant \u00eatre exclue ou limit\u00e9e en vertu du droit applicable.<br \/>\n(5) acc\u00e8s Restreint<br \/>\nNous nous r\u00e9servons le droit de restreindre l&#039;acc\u00e8s \u00e0 certaines zones de notre site web, voire de l&#039;ensemble de notre site web, \u00e0 notre discr\u00e9tion. Si nous vous fournissons un ID utilisateur et un mot de passe pour vous permettre d&#039;acc\u00e9der \u00e0 des zones restreintes de notre site web ou d&#039;autres contenus ou services, vous devez vous assurer que ce nom d&#039;utilisateur et le mot de passe est gard\u00e9 confidentiel. Vous acceptez la responsabilit\u00e9 pour toutes les activit\u00e9s qui se produisent sous votre nom d&#039;utilisateur ou mot de passe. Nous pouvons d\u00e9sactiver votre ID utilisateur et mot de passe \u00e0 notre seule discr\u00e9tion, OU si vous violez l&#039;une des politiques ou des conditions r\u00e9gissant votre utilisation de notre site web ou de toute autre obligation contractuelle que vous nous devez.<br \/>\n(6) Variation<br \/>\nNous pouvons r\u00e9viser ces termes et conditions de temps \u00e0 autre. Veuillez v\u00e9rifier cette page r\u00e9guli\u00e8rement pour vous assurer que vous \u00eates familier avec la version actuelle.<br \/>\n(7) l&#039;Int\u00e9gralit\u00e9 de l&#039;accord<br \/>\nCes termes et conditions , ainsi que notre politique de confidentialit\u00e9, constituent l&#039;int\u00e9gralit\u00e9 de l&#039;accord entre vous et nous concernant votre utilisation de notre site, et remplacent tous les accords pr\u00e9c\u00e9dents en ce qui concerne votre utilisation de ce site web.<br \/>\n(8) de la Loi et de la juridiction<br \/>\nCet avis sera r\u00e9gi par et interpr\u00e9t\u00e9 conform\u00e9ment au droit anglais, et toutes les contestations relatives au pr\u00e9sent avis doivent \u00eatre soumis \u00e0 la juridiction exclusive des tribunaux d&#039;Angleterre.<br \/>\n(9) Inscriptions et autorisations<br \/>\nNotre num\u00e9ro de TVA est GB398 4836 83<br \/>\n(10) Nos coordonn\u00e9es<br \/>\nCe site web est d\u00e9tenu et exploit\u00e9 par Claire Systems Limited, qui a cess\u00e9 son activit\u00e9 et a ferm\u00e9, il a \u00e9t\u00e9 enregistr\u00e9 en Angleterre et au pays de Galles sous le num\u00e9ro d&#039;enregistrement 1784741.<\/p>\n<p>Ces termes et conditions sont bas\u00e9es sur un mod\u00e8le cr\u00e9\u00e9 et distribu\u00e9 par\u00a0<a href=\"https:\/\/www.website-law.co.uk\" target=\"_blank\" rel=\"noopener\">www.website-law.co.uk<\/a>.<\/p>","protected":false},"excerpt":{"rendered":"<p>This website was owned and operated by Clear Systems Limited, which has ceased trading and has closed down, this information is provided in that historical context with the original tenses, meanings and links current&#46;&#46;&#46;<\/p>","protected":false},"author":6,"featured_media":0,"parent":0,"menu_order":0,"comment_status":"closed","ping_status":"open","template":"","meta":{"_exactmetrics_skip_tracking":false,"_exactmetrics_sitenote_active":false,"_exactmetrics_sitenote_note":"","_exactmetrics_sitenote_category":0,"footnotes":""},"class_list":["post-212057","page","type-page","status-publish","hentry"],"_links":{"self":[{"href":"https:\/\/pick-ware.co.uk\/fr\/wp-json\/wp\/v2\/pages\/212057","targetHints":{"allow":["GET"]}}],"collection":[{"href":"https:\/\/pick-ware.co.uk\/fr\/wp-json\/wp\/v2\/pages"}],"about":[{"href":"https:\/\/pick-ware.co.uk\/fr\/wp-json\/wp\/v2\/types\/page"}],"author":[{"embeddable":true,"href":"https:\/\/pick-ware.co.uk\/fr\/wp-json\/wp\/v2\/users\/6"}],"replies":[{"embeddable":true,"href":"https:\/\/pick-ware.co.uk\/fr\/wp-json\/wp\/v2\/comments?post=212057"}],"version-history":[{"count":3,"href":"https:\/\/pick-ware.co.uk\/fr\/wp-json\/wp\/v2\/pages\/212057\/revisions"}],"predecessor-version":[{"id":212428,"href":"https:\/\/pick-ware.co.uk\/fr\/wp-json\/wp\/v2\/pages\/212057\/revisions\/212428"}],"wp:attachment":[{"href":"https:\/\/pick-ware.co.uk\/fr\/wp-json\/wp\/v2\/media?parent=212057"}],"curies":[{"name":"wp","href":"https:\/\/api.w.org\/{rel}","templated":true}]}}